{"id":14,"date":"2024-02-23T14:20:51","date_gmt":"2024-02-23T14:20:51","guid":{"rendered":"https:\/\/mola-ris.hu\/index.php\/about-page\/"},"modified":"2024-03-25T09:33:45","modified_gmt":"2024-03-25T09:33:45","slug":"rolunk","status":"publish","type":"page","link":"https:\/\/mola-ris.hu\/index.php\/rolunk\/","title":{"rendered":"R\u00f3lunk"},"content":{"rendered":"\t\t<div data-elementor-type=\"wp-page\" data-elementor-id=\"14\" class=\"elementor elementor-14\">\n\t\t\t\t<div class=\"elementor-element elementor-element-85118af elementor-hidden-tablet elementor-hidden-mobile e-flex e-con-boxed e-con e-parent\" data-id=\"85118af\" data-element_type=\"container\">\n\t\t\t\t\t<div class=\"e-con-inner\">\n\t\t\t\t<div class=\"elementor-element elementor-element-81deb2b elementor-widget elementor-widget-spacer\" data-id=\"81deb2b\" data-element_type=\"widget\" data-widget_type=\"spacer.default\">\n\t\t\t\t<div class=\"elementor-widget-container\">\n\t\t\t<style>\/*! elementor - v3.23.0 - 05-08-2024 *\/\n.elementor-column .elementor-spacer-inner{height:var(--spacer-size)}.e-con{--container-widget-width:100%}.e-con-inner>.elementor-widget-spacer,.e-con>.elementor-widget-spacer{width:var(--container-widget-width,var(--spacer-size));--align-self:var(--container-widget-align-self,initial);--flex-shrink:0}.e-con-inner>.elementor-widget-spacer>.elementor-widget-container,.e-con>.elementor-widget-spacer>.elementor-widget-container{height:100%;width:100%}.e-con-inner>.elementor-widget-spacer>.elementor-widget-container>.elementor-spacer,.e-con>.elementor-widget-spacer>.elementor-widget-container>.elementor-spacer{height:100%}.e-con-inner>.elementor-widget-spacer>.elementor-widget-container>.elementor-spacer>.elementor-spacer-inner,.e-con>.elementor-widget-spacer>.elementor-widget-container>.elementor-spacer>.elementor-spacer-inner{height:var(--container-widget-height,var(--spacer-size))}.e-con-inner>.elementor-widget-spacer.elementor-widget-empty,.e-con>.elementor-widget-spacer.elementor-widget-empty{position:relative;min-height:22px;min-width:22px}.e-con-inner>.elementor-widget-spacer.elementor-widget-empty .elementor-widget-empty-icon,.e-con>.elementor-widget-spacer.elementor-widget-empty .elementor-widget-empty-icon{position:absolute;top:0;bottom:0;left:0;right:0;margin:auto;padding:0;width:22px;height:22px}<\/style>\t\t<div class=\"elementor-spacer\">\n\t\t\t<div class=\"elementor-spacer-inner\"><\/div>\n\t\t<\/div>\n\t\t\t\t<\/div>\n\t\t\t\t<\/div>\n\t\t\t\t<div class=\"elementor-element elementor-element-acea8b0 elementor-widget elementor-widget-heading\" data-id=\"acea8b0\" data-element_type=\"widget\" data-widget_type=\"heading.default\">\n\t\t\t\t<div class=\"elementor-widget-container\">\n\t\t\t<style>\/*! elementor - v3.23.0 - 05-08-2024 *\/\n.elementor-heading-title{padding:0;margin:0;line-height:1}.elementor-widget-heading .elementor-heading-title[class*=elementor-size-]>a{color:inherit;font-size:inherit;line-height:inherit}.elementor-widget-heading .elementor-heading-title.elementor-size-small{font-size:15px}.elementor-widget-heading .elementor-heading-title.elementor-size-medium{font-size:19px}.elementor-widget-heading .elementor-heading-title.elementor-size-large{font-size:29px}.elementor-widget-heading .elementor-heading-title.elementor-size-xl{font-size:39px}.elementor-widget-heading .elementor-heading-title.elementor-size-xxl{font-size:59px}<\/style><h1 class=\"elementor-heading-title elementor-size-default\">R\u00d3LUNK<\/h1>\t\t<\/div>\n\t\t\t\t<\/div>\n\t\t\t\t<div class=\"elementor-element elementor-element-6f7074b elementor-widget elementor-widget-spacer\" data-id=\"6f7074b\" data-element_type=\"widget\" data-widget_type=\"spacer.default\">\n\t\t\t\t<div class=\"elementor-widget-container\">\n\t\t\t\t\t<div class=\"elementor-spacer\">\n\t\t\t<div class=\"elementor-spacer-inner\"><\/div>\n\t\t<\/div>\n\t\t\t\t<\/div>\n\t\t\t\t<\/div>\n\t\t\t\t\t<\/div>\n\t\t\t\t<\/div>\n\t\t<div class=\"elementor-element elementor-element-943ee98 elementor-hidden-desktop elementor-hidden-mobile e-flex e-con-boxed e-con e-parent\" data-id=\"943ee98\" data-element_type=\"container\">\n\t\t\t\t\t<div class=\"e-con-inner\">\n\t\t\t\t<div class=\"elementor-element elementor-element-3437ce1 elementor-widget elementor-widget-spacer\" data-id=\"3437ce1\" data-element_type=\"widget\" data-widget_type=\"spacer.default\">\n\t\t\t\t<div class=\"elementor-widget-container\">\n\t\t\t\t\t<div class=\"elementor-spacer\">\n\t\t\t<div class=\"elementor-spacer-inner\"><\/div>\n\t\t<\/div>\n\t\t\t\t<\/div>\n\t\t\t\t<\/div>\n\t\t\t\t<div class=\"elementor-element elementor-element-aa02fc1 elementor-widget elementor-widget-heading\" data-id=\"aa02fc1\" data-element_type=\"widget\" data-widget_type=\"heading.default\">\n\t\t\t\t<div class=\"elementor-widget-container\">\n\t\t\t<h1 class=\"elementor-heading-title elementor-size-default\">R\u00d3LUNK<\/h1>\t\t<\/div>\n\t\t\t\t<\/div>\n\t\t\t\t<div class=\"elementor-element elementor-element-a78ef07 elementor-widget elementor-widget-spacer\" data-id=\"a78ef07\" data-element_type=\"widget\" data-widget_type=\"spacer.default\">\n\t\t\t\t<div class=\"elementor-widget-container\">\n\t\t\t\t\t<div class=\"elementor-spacer\">\n\t\t\t<div class=\"elementor-spacer-inner\"><\/div>\n\t\t<\/div>\n\t\t\t\t<\/div>\n\t\t\t\t<\/div>\n\t\t\t\t\t<\/div>\n\t\t\t\t<\/div>\n\t\t<div class=\"elementor-element elementor-element-055e18a elementor-hidden-desktop elementor-hidden-tablet e-flex e-con-boxed e-con e-parent\" data-id=\"055e18a\" data-element_type=\"container\">\n\t\t\t\t\t<div class=\"e-con-inner\">\n\t\t\t\t<div class=\"elementor-element elementor-element-4201f0d elementor-widget elementor-widget-spacer\" data-id=\"4201f0d\" data-element_type=\"widget\" data-widget_type=\"spacer.default\">\n\t\t\t\t<div class=\"elementor-widget-container\">\n\t\t\t\t\t<div class=\"elementor-spacer\">\n\t\t\t<div class=\"elementor-spacer-inner\"><\/div>\n\t\t<\/div>\n\t\t\t\t<\/div>\n\t\t\t\t<\/div>\n\t\t\t\t<div class=\"elementor-element elementor-element-a17a03c elementor-widget elementor-widget-heading\" data-id=\"a17a03c\" data-element_type=\"widget\" data-widget_type=\"heading.default\">\n\t\t\t\t<div class=\"elementor-widget-container\">\n\t\t\t<h1 class=\"elementor-heading-title elementor-size-default\">R\u00d3LUNK<\/h1>\t\t<\/div>\n\t\t\t\t<\/div>\n\t\t\t\t<div class=\"elementor-element elementor-element-ff1fae3 elementor-widget elementor-widget-spacer\" data-id=\"ff1fae3\" data-element_type=\"widget\" data-widget_type=\"spacer.default\">\n\t\t\t\t<div class=\"elementor-widget-container\">\n\t\t\t\t\t<div class=\"elementor-spacer\">\n\t\t\t<div class=\"elementor-spacer-inner\"><\/div>\n\t\t<\/div>\n\t\t\t\t<\/div>\n\t\t\t\t<\/div>\n\t\t\t\t\t<\/div>\n\t\t\t\t<\/div>\n\t\t<div class=\"elementor-element elementor-element-c2e6bf8 e-con-full elementor-hidden-tablet elementor-hidden-mobile e-flex e-con e-parent\" data-id=\"c2e6bf8\" data-element_type=\"container\">\n\t\t<div class=\"elementor-element elementor-element-cbf1f11 e-con-full e-flex elementor-invisible e-con e-child\" data-id=\"cbf1f11\" data-element_type=\"container\" data-settings=\"{&quot;background_background&quot;:&quot;classic&quot;,&quot;animation&quot;:&quot;fadeInLeft&quot;}\">\n\t\t\t\t<div class=\"elementor-element elementor-element-a2044a5 elementor-widget elementor-widget-spacer\" data-id=\"a2044a5\" data-element_type=\"widget\" data-widget_type=\"spacer.default\">\n\t\t\t\t<div class=\"elementor-widget-container\">\n\t\t\t\t\t<div class=\"elementor-spacer\">\n\t\t\t<div class=\"elementor-spacer-inner\"><\/div>\n\t\t<\/div>\n\t\t\t\t<\/div>\n\t\t\t\t<\/div>\n\t\t\t\t<div class=\"elementor-element elementor-element-e0496d3 elementor-widget elementor-widget-heading\" data-id=\"e0496d3\" data-element_type=\"widget\" data-widget_type=\"heading.default\">\n\t\t\t\t<div class=\"elementor-widget-container\">\n\t\t\t<h1 class=\"elementor-heading-title elementor-size-default\">A MOLA-RIS<\/h1>\t\t<\/div>\n\t\t\t\t<\/div>\n\t\t\t\t<div class=\"elementor-element elementor-element-daed956 elementor-widget elementor-widget-text-editor\" data-id=\"daed956\" data-element_type=\"widget\" data-widget_type=\"text-editor.default\">\n\t\t\t\t<div class=\"elementor-widget-container\">\n\t\t\t<style>\/*! elementor - v3.23.0 - 05-08-2024 *\/\n.elementor-widget-text-editor.elementor-drop-cap-view-stacked .elementor-drop-cap{background-color:#69727d;color:#fff}.elementor-widget-text-editor.elementor-drop-cap-view-framed .elementor-drop-cap{color:#69727d;border:3px solid;background-color:transparent}.elementor-widget-text-editor:not(.elementor-drop-cap-view-default) .elementor-drop-cap{margin-top:8px}.elementor-widget-text-editor:not(.elementor-drop-cap-view-default) .elementor-drop-cap-letter{width:1em;height:1em}.elementor-widget-text-editor .elementor-drop-cap{float:left;text-align:center;line-height:1;font-size:50px}.elementor-widget-text-editor .elementor-drop-cap-letter{display:inline-block}<\/style>\t\t\t\t<p>C\u00e9g\u00fcnk 2011-ben alakult meg \u00e9s a hazai piac egyik meghat\u00e1roz\u00f3 szerepl\u0151je az \u00e9lelmiszeripari \u00e9s malomipari g\u00e9pek ter\u00fclet\u00e9n. F\u0151 tev\u00e9kenys\u00e9gi k\u00f6r\u00fcnkbe tartozik az \u00e9lelmiszeripari \u00e9s malomipari g\u00e9pek gy\u00e1rt\u00e1sa \u00e9s karbantart\u00e1sa, azoknak fel\u00faj\u00edt\u00e1sa. Az \u00e9vek sor\u00e1n profilunk kib\u0151v\u00fclt, \u00e9s ma m\u00e1r lakatosipari \u00e9s \u00e9p\u00edt\u00e9si tev\u00e9kenys\u00e9geket is v\u00e1llalunk, ide\u00e9rtve ker\u00edt\u00e9sek, ac\u00e9lszerkezetek \u00e9p\u00edt\u00e9s\u00e9t \u00e9s mez\u0151gazdas\u00e1gi g\u00e9pek gy\u00e1rt\u00e1s\u00e1t is.<\/p><p>Kiemelked\u0151 szolg\u00e1ltat\u00e1saink k\u00f6z\u00e9 tartozik Magyarorsz\u00e1gon sz\u00e1mos malomnak ny\u00fajtott szolg\u00e1ltat\u00e1sunk, az \u0151rl\u0151hengerek rov\u00e1tkol\u00e1sa \u00e9s fel\u00faj\u00edt\u00e1sa. B\u00fcszk\u00e9k vagyunk arra, hogy min\u0151s\u00e9gi munk\u00e1nkkal hozz\u00e1j\u00e1rulunk partnereink \u00fczleti siker\u00e9hez \u00e9s a hazai \u00e9lelmiszeripar fejl\u0151d\u00e9s\u00e9hez.<\/p><p>Csapatunk elk\u00f6telezett az innov\u00e1ci\u00f3 \u00e9s a min\u0151s\u00e9g ir\u00e1nt, \u00e9s mindig arra t\u00f6reksz\u00fcnk, hogy \u00fcgyfeleink elv\u00e1r\u00e1sainak maxim\u00e1lisan megfelelj\u00fcnk.<\/p>\t\t\t\t\t\t<\/div>\n\t\t\t\t<\/div>\n\t\t\t\t<div class=\"elementor-element elementor-element-9013707 elementor-widget elementor-widget-image\" data-id=\"9013707\" data-element_type=\"widget\" data-widget_type=\"image.default\">\n\t\t\t\t<div class=\"elementor-widget-container\">\n\t\t\t<style>\/*! elementor - v3.23.0 - 05-08-2024 *\/\n.elementor-widget-image{text-align:center}.elementor-widget-image a{display:inline-block}.elementor-widget-image a img[src$=\".svg\"]{width:48px}.elementor-widget-image img{vertical-align:middle;display:inline-block}<\/style>\t\t\t\t\t\t\t\t\t\t<img fetchpriority=\"high\" decoding=\"async\" width=\"300\" height=\"200\" src=\"https:\/\/mola-ris.hu\/wp-content\/uploads\/2024\/02\/logo3_fekete-300x200.png\" class=\"attachment-medium size-medium wp-image-8\" alt=\"\u0151rl\u0151hengerek rov\u00e1tkol\u00e1sa\" srcset=\"https:\/\/mola-ris.hu\/wp-content\/uploads\/2024\/02\/logo3_fekete-300x200.png 300w, https:\/\/mola-ris.hu\/wp-content\/uploads\/2024\/02\/logo3_fekete-1024x683.png 1024w, https:\/\/mola-ris.hu\/wp-content\/uploads\/2024\/02\/logo3_fekete-768x513.png 768w, https:\/\/mola-ris.hu\/wp-content\/uploads\/2024\/02\/logo3_fekete.png 1464w\" sizes=\"(max-width: 300px) 100vw, 300px\" \/>\t\t\t\t\t\t\t\t\t\t\t\t\t<\/div>\n\t\t\t\t<\/div>\n\t\t\t\t<\/div>\n\t\t<div class=\"elementor-element elementor-element-711be2f e-con-full e-flex e-con e-child\" data-id=\"711be2f\" data-element_type=\"container\">\n\t\t\t\t<div class=\"elementor-element elementor-element-d53235f elementor-invisible elementor-widget elementor-widget-image\" data-id=\"d53235f\" data-element_type=\"widget\" data-settings=\"{&quot;_animation&quot;:&quot;fadeInRight&quot;}\" data-widget_type=\"image.default\">\n\t\t\t\t<div class=\"elementor-widget-container\">\n\t\t\t\t\t\t\t\t\t\t\t\t\t<img decoding=\"async\" width=\"750\" height=\"530\" src=\"https:\/\/mola-ris.hu\/wp-content\/uploads\/2024\/03\/steel-pipes-put-together-1024x724.jpg\" class=\"attachment-large size-large wp-image-595\" alt=\"\" srcset=\"https:\/\/mola-ris.hu\/wp-content\/uploads\/2024\/03\/steel-pipes-put-together-1024x724.jpg 1024w, https:\/\/mola-ris.hu\/wp-content\/uploads\/2024\/03\/steel-pipes-put-together-300x212.jpg 300w, https:\/\/mola-ris.hu\/wp-content\/uploads\/2024\/03\/steel-pipes-put-together-768x543.jpg 768w, https:\/\/mola-ris.hu\/wp-content\/uploads\/2024\/03\/steel-pipes-put-together-1536x1087.jpg 1536w, https:\/\/mola-ris.hu\/wp-content\/uploads\/2024\/03\/steel-pipes-put-together.jpg 2000w\" sizes=\"(max-width: 750px) 100vw, 750px\" \/>\t\t\t\t\t\t\t\t\t\t\t\t\t<\/div>\n\t\t\t\t<\/div>\n\t\t\t\t<\/div>\n\t\t\t\t<\/div>\n\t\t<div class=\"elementor-element elementor-element-3a124e7 e-con-full elementor-hidden-desktop elementor-hidden-mobile e-flex e-con e-parent\" data-id=\"3a124e7\" data-element_type=\"container\">\n\t\t<div class=\"elementor-element elementor-element-8515659 e-con-full e-flex elementor-invisible e-con e-child\" data-id=\"8515659\" data-element_type=\"container\" data-settings=\"{&quot;background_background&quot;:&quot;classic&quot;,&quot;animation&quot;:&quot;fadeInLeft&quot;}\">\n\t\t\t\t<div class=\"elementor-element elementor-element-2890732 elementor-widget elementor-widget-spacer\" data-id=\"2890732\" data-element_type=\"widget\" data-widget_type=\"spacer.default\">\n\t\t\t\t<div class=\"elementor-widget-container\">\n\t\t\t\t\t<div class=\"elementor-spacer\">\n\t\t\t<div class=\"elementor-spacer-inner\"><\/div>\n\t\t<\/div>\n\t\t\t\t<\/div>\n\t\t\t\t<\/div>\n\t\t\t\t<div class=\"elementor-element elementor-element-2189931 elementor-widget elementor-widget-heading\" data-id=\"2189931\" data-element_type=\"widget\" data-widget_type=\"heading.default\">\n\t\t\t\t<div class=\"elementor-widget-container\">\n\t\t\t<h1 class=\"elementor-heading-title elementor-size-default\">A MOLA-RIS<\/h1>\t\t<\/div>\n\t\t\t\t<\/div>\n\t\t\t\t<div class=\"elementor-element elementor-element-14f2ee3 elementor-widget elementor-widget-text-editor\" data-id=\"14f2ee3\" data-element_type=\"widget\" data-widget_type=\"text-editor.default\">\n\t\t\t\t<div class=\"elementor-widget-container\">\n\t\t\t\t\t\t\t<p>C\u00e9g\u00fcnk 2011-ben alakult meg \u00e9s a hazai piac egyik meghat\u00e1roz\u00f3 szerepl\u0151je az \u00e9lelmiszeripari \u00e9s malomipari g\u00e9pek ter\u00fclet\u00e9n. F\u0151 tev\u00e9kenys\u00e9gi k\u00f6r\u00fcnkbe tartozik az \u00e9lelmiszeripari \u00e9s malomipari g\u00e9pek gy\u00e1rt\u00e1sa \u00e9s karbantart\u00e1sa, azoknak fel\u00faj\u00edt\u00e1sa. Az \u00e9vek sor\u00e1n profilunk kib\u0151v\u00fclt, \u00e9s ma m\u00e1r lakatosipari \u00e9s \u00e9p\u00edt\u00e9si tev\u00e9kenys\u00e9geket is v\u00e1llalunk, ide\u00e9rtve ker\u00edt\u00e9sek, ac\u00e9lszerkezetek \u00e9p\u00edt\u00e9s\u00e9t \u00e9s mez\u0151gazdas\u00e1gi g\u00e9pek gy\u00e1rt\u00e1s\u00e1t is.<\/p><p>Kiemelked\u0151 szolg\u00e1ltat\u00e1saink k\u00f6z\u00e9 tartozik Magyarorsz\u00e1gon sz\u00e1mos malomnak ny\u00fajtott szolg\u00e1ltat\u00e1sunk, az \u0151rl\u0151hengerek rov\u00e1tkol\u00e1sa \u00e9s fel\u00faj\u00edt\u00e1sa. B\u00fcszk\u00e9k vagyunk arra, hogy min\u0151s\u00e9gi munk\u00e1nkkal hozz\u00e1j\u00e1rulunk partnereink \u00fczleti siker\u00e9hez \u00e9s a hazai \u00e9lelmiszeripar fejl\u0151d\u00e9s\u00e9hez.<\/p><p>Csapatunk elk\u00f6telezett az innov\u00e1ci\u00f3 \u00e9s a min\u0151s\u00e9g ir\u00e1nt, \u00e9s mindig arra t\u00f6reksz\u00fcnk, hogy \u00fcgyfeleink elv\u00e1r\u00e1sainak maxim\u00e1lisan megfelelj\u00fcnk.<\/p>\t\t\t\t\t\t<\/div>\n\t\t\t\t<\/div>\n\t\t\t\t<div class=\"elementor-element elementor-element-80e8856 elementor-widget elementor-widget-image\" data-id=\"80e8856\" data-element_type=\"widget\" data-widget_type=\"image.default\">\n\t\t\t\t<div class=\"elementor-widget-container\">\n\t\t\t\t\t\t\t\t\t\t\t\t\t<img fetchpriority=\"high\" decoding=\"async\" width=\"300\" height=\"200\" src=\"https:\/\/mola-ris.hu\/wp-content\/uploads\/2024\/02\/logo3_fekete-300x200.png\" class=\"attachment-medium size-medium wp-image-8\" alt=\"\u0151rl\u0151hengerek rov\u00e1tkol\u00e1sa\" srcset=\"https:\/\/mola-ris.hu\/wp-content\/uploads\/2024\/02\/logo3_fekete-300x200.png 300w, https:\/\/mola-ris.hu\/wp-content\/uploads\/2024\/02\/logo3_fekete-1024x683.png 1024w, https:\/\/mola-ris.hu\/wp-content\/uploads\/2024\/02\/logo3_fekete-768x513.png 768w, https:\/\/mola-ris.hu\/wp-content\/uploads\/2024\/02\/logo3_fekete.png 1464w\" sizes=\"(max-width: 300px) 100vw, 300px\" \/>\t\t\t\t\t\t\t\t\t\t\t\t\t<\/div>\n\t\t\t\t<\/div>\n\t\t\t\t<\/div>\n\t\t\t\t<\/div>\n\t\t<div class=\"elementor-element elementor-element-c99c16a e-con-full elementor-hidden-desktop elementor-hidden-tablet e-flex e-con e-parent\" data-id=\"c99c16a\" data-element_type=\"container\">\n\t\t<div class=\"elementor-element elementor-element-77198d0 e-con-full e-flex elementor-invisible e-con e-child\" data-id=\"77198d0\" data-element_type=\"container\" data-settings=\"{&quot;background_background&quot;:&quot;classic&quot;,&quot;animation&quot;:&quot;fadeInLeft&quot;}\">\n\t\t\t\t<div class=\"elementor-element elementor-element-f65d809 elementor-widget elementor-widget-spacer\" data-id=\"f65d809\" data-element_type=\"widget\" data-widget_type=\"spacer.default\">\n\t\t\t\t<div class=\"elementor-widget-container\">\n\t\t\t\t\t<div class=\"elementor-spacer\">\n\t\t\t<div class=\"elementor-spacer-inner\"><\/div>\n\t\t<\/div>\n\t\t\t\t<\/div>\n\t\t\t\t<\/div>\n\t\t\t\t<div class=\"elementor-element elementor-element-c461ea8 elementor-widget elementor-widget-heading\" data-id=\"c461ea8\" data-element_type=\"widget\" data-widget_type=\"heading.default\">\n\t\t\t\t<div class=\"elementor-widget-container\">\n\t\t\t<h1 class=\"elementor-heading-title elementor-size-default\">A MOLA-RIS<\/h1>\t\t<\/div>\n\t\t\t\t<\/div>\n\t\t\t\t<div class=\"elementor-element elementor-element-6b29e0b elementor-widget elementor-widget-text-editor\" data-id=\"6b29e0b\" data-element_type=\"widget\" data-widget_type=\"text-editor.default\">\n\t\t\t\t<div class=\"elementor-widget-container\">\n\t\t\t\t\t\t\t<p>C\u00e9g\u00fcnk 2011-ben alakult meg \u00e9s a hazai piac egyik meghat\u00e1roz\u00f3 szerepl\u0151je az \u00e9lelmiszeripari \u00e9s malomipari g\u00e9pek ter\u00fclet\u00e9n. F\u0151 tev\u00e9kenys\u00e9gi k\u00f6r\u00fcnkbe tartozik az \u00e9lelmiszeripari \u00e9s malomipari g\u00e9pek gy\u00e1rt\u00e1sa \u00e9s karbantart\u00e1sa, azoknak fel\u00faj\u00edt\u00e1sa. Az \u00e9vek sor\u00e1n profilunk kib\u0151v\u00fclt, \u00e9s ma m\u00e1r lakatosipari \u00e9s \u00e9p\u00edt\u00e9si tev\u00e9kenys\u00e9geket is v\u00e1llalunk, ide\u00e9rtve ker\u00edt\u00e9sek, ac\u00e9lszerkezetek \u00e9p\u00edt\u00e9s\u00e9t \u00e9s mez\u0151gazdas\u00e1gi g\u00e9pek gy\u00e1rt\u00e1s\u00e1t is.<\/p><p>Kiemelked\u0151 szolg\u00e1ltat\u00e1saink k\u00f6z\u00e9 tartozik Magyarorsz\u00e1gon sz\u00e1mos malomnak ny\u00fajtott szolg\u00e1ltat\u00e1sunk, az \u0151rl\u0151hengerek rov\u00e1tkol\u00e1sa \u00e9s fel\u00faj\u00edt\u00e1sa. B\u00fcszk\u00e9k vagyunk arra, hogy min\u0151s\u00e9gi munk\u00e1nkkal hozz\u00e1j\u00e1rulunk partnereink \u00fczleti siker\u00e9hez \u00e9s a hazai \u00e9lelmiszeripar fejl\u0151d\u00e9s\u00e9hez.<\/p><p>Csapatunk elk\u00f6telezett az innov\u00e1ci\u00f3 \u00e9s a min\u0151s\u00e9g ir\u00e1nt, \u00e9s mindig arra t\u00f6reksz\u00fcnk, hogy \u00fcgyfeleink elv\u00e1r\u00e1sainak maxim\u00e1lisan megfelelj\u00fcnk.<\/p>\t\t\t\t\t\t<\/div>\n\t\t\t\t<\/div>\n\t\t\t\t<div class=\"elementor-element elementor-element-b38fb43 elementor-widget elementor-widget-image\" data-id=\"b38fb43\" data-element_type=\"widget\" data-widget_type=\"image.default\">\n\t\t\t\t<div class=\"elementor-widget-container\">\n\t\t\t\t\t\t\t\t\t\t\t\t\t<img fetchpriority=\"high\" decoding=\"async\" width=\"300\" height=\"200\" src=\"https:\/\/mola-ris.hu\/wp-content\/uploads\/2024\/02\/logo3_fekete-300x200.png\" class=\"attachment-medium size-medium wp-image-8\" alt=\"\u0151rl\u0151hengerek rov\u00e1tkol\u00e1sa\" srcset=\"https:\/\/mola-ris.hu\/wp-content\/uploads\/2024\/02\/logo3_fekete-300x200.png 300w, https:\/\/mola-ris.hu\/wp-content\/uploads\/2024\/02\/logo3_fekete-1024x683.png 1024w, https:\/\/mola-ris.hu\/wp-content\/uploads\/2024\/02\/logo3_fekete-768x513.png 768w, https:\/\/mola-ris.hu\/wp-content\/uploads\/2024\/02\/logo3_fekete.png 1464w\" sizes=\"(max-width: 300px) 100vw, 300px\" \/>\t\t\t\t\t\t\t\t\t\t\t\t\t<\/div>\n\t\t\t\t<\/div>\n\t\t\t\t<\/div>\n\t\t\t\t<\/div>\n\t\t\t\t<\/div>\n\t\t","protected":false},"excerpt":{"rendered":"<p>R\u00d3LUNK R\u00d3LUNK R\u00d3LUNK A MOLA-RIS C\u00e9g\u00fcnk 2011-ben alakult meg \u00e9s a hazai piac egyik meghat\u00e1roz\u00f3 szerepl\u0151je az \u00e9lelmiszeripari \u00e9s malomipari g\u00e9pek ter\u00fclet\u00e9n. F\u0151 tev\u00e9kenys\u00e9gi k\u00f6r\u00fcnkbe tartozik az \u00e9lelmiszeripari \u00e9s malomipari g\u00e9pek gy\u00e1rt\u00e1sa \u00e9s karbantart\u00e1sa, azoknak fel\u00faj\u00edt\u00e1sa. Az \u00e9vek sor\u00e1n profilunk kib\u0151v\u00fclt, \u00e9s ma m\u00e1r lakatosipari \u00e9s \u00e9p\u00edt\u00e9si tev\u00e9kenys\u00e9geket is v\u00e1llalunk, [&hellip;]<\/p>\n","protected":false},"author":1,"featured_media":0,"parent":0,"menu_order":0,"comment_status":"closed","ping_status":"closed","template":"elementor_header_footer","meta":{"footnotes":""},"class_list":["post-14","page","type-page","status-publish","hentry"],"_links":{"self":[{"href":"https:\/\/mola-ris.hu\/index.php\/wp-json\/wp\/v2\/pages\/14","targetHints":{"allow":["GET"]}}],"collection":[{"href":"https:\/\/mola-ris.hu\/index.php\/wp-json\/wp\/v2\/pages"}],"about":[{"href":"https:\/\/mola-ris.hu\/index.php\/wp-json\/wp\/v2\/types\/page"}],"author":[{"embeddable":true,"href":"https:\/\/mola-ris.hu\/index.php\/wp-json\/wp\/v2\/users\/1"}],"replies":[{"embeddable":true,"href":"https:\/\/mola-ris.hu\/index.php\/wp-json\/wp\/v2\/comments?post=14"}],"version-history":[{"count":85,"href":"https:\/\/mola-ris.hu\/index.php\/wp-json\/wp\/v2\/pages\/14\/revisions"}],"predecessor-version":[{"id":663,"href":"https:\/\/mola-ris.hu\/index.php\/wp-json\/wp\/v2\/pages\/14\/revisions\/663"}],"wp:attachment":[{"href":"https:\/\/mola-ris.hu\/index.php\/wp-json\/wp\/v2\/media?parent=14"}],"curies":[{"name":"wp","href":"https:\/\/api.w.org\/{rel}","templated":true}]}}